{"id":989,"date":"2025-03-26T12:50:52","date_gmt":"2025-03-26T11:50:52","guid":{"rendered":"https:\/\/pierresang.com\/boutique-signature\/?post_type=product&#038;p=989"},"modified":"2025-03-26T12:59:46","modified_gmt":"2025-03-26T11:59:46","slug":"cours-de-sommellerie","status":"publish","type":"product","link":"https:\/\/pierresang.com\/boutique-signature\/produit\/cours-de-sommellerie\/","title":{"rendered":"Cours de Sommellerie"},"content":{"rendered":"","protected":false},"excerpt":{"rendered":"<p>Passionn\u00e9 par l\u2019\u0153nologie, notre \u00e9quipe de sommellerie vous propose des r\u00e9f\u00e9rences de qualit\u00e9, autour des grands classiques des vignobles et terroirs fran\u00e7ais. De r\u00e9gions en r\u00e9gions, partez donc \u00e0 la d\u00e9couverte des incontournables de France et \u00e9veillez vos sens ainsi que vos papilles, en d\u00e9gustant \u00e9galement les produits de notre \u00e9picerie, en accord avec les vins propos\u00e9s. Amateurs de vins ou non, laissez-vous surprendre par une s\u00e9lection recherch\u00e9e.<\/p>\n<p>5 vins \u2013 blancs, rouges, dont un champagne.<\/p>\n<p><em>Le cours est disponible en Fran\u00e7ais ou en Anglais.<\/em><\/p>\n<p><strong>Dur\u00e9e : 1H30<br \/>\nTarif : 65 euros<\/strong><\/p>\n","protected":false},"featured_media":996,"template":"","meta":{"_exactmetrics_skip_tracking":false,"_exactmetrics_sitenote_active":false,"_exactmetrics_sitenote_note":"","_exactmetrics_sitenote_category":0},"product_brand":[],"product_cat":[46],"product_tag":[],"class_list":{"0":"post-989","1":"product","2":"type-product","3":"status-publish","4":"has-post-thumbnail","6":"product_cat-bc-sommellerie","8":"first","9":"instock","10":"sold-individually","11":"taxable","12":"shipping-taxable","13":"purchasable","14":"product-type-variable"},"_links":{"self":[{"href":"https:\/\/pierresang.com\/boutique-signature\/wp-json\/wp\/v2\/product\/989","targetHints":{"allow":["GET"]}}],"collection":[{"href":"https:\/\/pierresang.com\/boutique-signature\/wp-json\/wp\/v2\/product"}],"about":[{"href":"https:\/\/pierresang.com\/boutique-signature\/wp-json\/wp\/v2\/types\/product"}],"wp:featuredmedia":[{"embeddable":true,"href":"https:\/\/pierresang.com\/boutique-signature\/wp-json\/wp\/v2\/media\/996"}],"wp:attachment":[{"href":"https:\/\/pierresang.com\/boutique-signature\/wp-json\/wp\/v2\/media?parent=989"}],"wp:term":[{"taxonomy":"product_brand","embeddable":true,"href":"https:\/\/pierresang.com\/boutique-signature\/wp-json\/wp\/v2\/product_brand?post=989"},{"taxonomy":"product_cat","embeddable":true,"href":"https:\/\/pierresang.com\/boutique-signature\/wp-json\/wp\/v2\/product_cat?post=989"},{"taxonomy":"product_tag","embeddable":true,"href":"https:\/\/pierresang.com\/boutique-signature\/wp-json\/wp\/v2\/product_tag?post=989"}],"curies":[{"name":"wp","href":"https:\/\/api.w.org\/{rel}","templated":true}]}}