{"id":977,"date":"2025-02-20T14:52:44","date_gmt":"2025-02-20T13:52:44","guid":{"rendered":"https:\/\/pierresang.com\/boutique-signature\/?post_type=product&#038;p=977"},"modified":"2026-01-23T09:40:27","modified_gmt":"2026-01-23T08:40:27","slug":"cours-de-cuisine-du-marche","status":"publish","type":"product","link":"https:\/\/pierresang.com\/boutique-signature\/produit\/cours-de-cuisine-du-marche\/","title":{"rendered":"Cours de Cuisine du March\u00e9"},"content":{"rendered":"","protected":false},"excerpt":{"rendered":"<p>3h de cours de cuisine.<br \/>\nLe cours d\u00e9bute par une visite du march\u00e9 \u00e0 9h30 ; une rencontre avec les commer\u00e7ants et artisans du quartier. Puis le cours continu par la pr\u00e9paration des recettes du jour avec les produits de saison, par l\u2019un de nos Chefs.<br \/>\nSuivi d\u2019un d\u00e9jeuner au restaurant in Oberkampf.<\/p>\n<p>Les vendredis matins \u00e0 partir de 9h20.<\/p>\n","protected":false},"featured_media":984,"template":"","meta":{"_exactmetrics_skip_tracking":false,"_exactmetrics_sitenote_active":false,"_exactmetrics_sitenote_note":"","_exactmetrics_sitenote_category":0},"product_brand":[],"product_cat":[32],"product_tag":[],"class_list":{"0":"post-977","1":"product","2":"type-product","3":"status-publish","4":"has-post-thumbnail","6":"product_cat-bc-cours","8":"first","9":"instock","10":"sold-individually","11":"taxable","12":"shipping-taxable","13":"purchasable","14":"product-type-variable"},"_links":{"self":[{"href":"https:\/\/pierresang.com\/boutique-signature\/wp-json\/wp\/v2\/product\/977","targetHints":{"allow":["GET"]}}],"collection":[{"href":"https:\/\/pierresang.com\/boutique-signature\/wp-json\/wp\/v2\/product"}],"about":[{"href":"https:\/\/pierresang.com\/boutique-signature\/wp-json\/wp\/v2\/types\/product"}],"wp:featuredmedia":[{"embeddable":true,"href":"https:\/\/pierresang.com\/boutique-signature\/wp-json\/wp\/v2\/media\/984"}],"wp:attachment":[{"href":"https:\/\/pierresang.com\/boutique-signature\/wp-json\/wp\/v2\/media?parent=977"}],"wp:term":[{"taxonomy":"product_brand","embeddable":true,"href":"https:\/\/pierresang.com\/boutique-signature\/wp-json\/wp\/v2\/product_brand?post=977"},{"taxonomy":"product_cat","embeddable":true,"href":"https:\/\/pierresang.com\/boutique-signature\/wp-json\/wp\/v2\/product_cat?post=977"},{"taxonomy":"product_tag","embeddable":true,"href":"https:\/\/pierresang.com\/boutique-signature\/wp-json\/wp\/v2\/product_tag?post=977"}],"curies":[{"name":"wp","href":"https:\/\/api.w.org\/{rel}","templated":true}]}}