{"id":9173,"date":"2019-02-24T12:32:40","date_gmt":"2019-02-24T11:32:40","guid":{"rendered":"https:\/\/pierresang.com\/boutique-oberkampf\/?post_type=product&#038;p=9173"},"modified":"2024-12-03T12:36:16","modified_gmt":"2024-12-03T11:36:16","slug":"sauce-ssamjang","status":"publish","type":"product","link":"https:\/\/pierresang.com\/boutique-oberkampf\/produit\/sauce-ssamjang\/","title":{"rendered":"Sauce Ssamjang"},"content":{"rendered":"","protected":false},"excerpt":{"rendered":"<p>Sauce signature du Chef Pierre Sang \u00e0 base de p\u00e2te de piment cor\u00e9en, p\u00e2te de soja ferment\u00e9, huile de s\u00e9same grill\u00e9.<br \/>\n\u00c0 conserver au frais et dans les 6 mois apr\u00e8s ouverture.<\/p>\n<p>Pot &#8211; 100 ml<\/p>\n","protected":false},"featured_media":9174,"template":"","meta":{"_exactmetrics_skip_tracking":false,"_exactmetrics_sitenote_active":false,"_exactmetrics_sitenote_note":"","_exactmetrics_sitenote_category":0},"product_brand":[],"product_cat":[69],"product_tag":[],"class_list":{"0":"post-9173","1":"product","2":"type-product","3":"status-publish","4":"has-post-thumbnail","6":"product_cat-food","8":"first","9":"instock","10":"taxable","11":"shipping-taxable","12":"purchasable","13":"product-type-simple"},"_links":{"self":[{"href":"https:\/\/pierresang.com\/boutique-oberkampf\/wp-json\/wp\/v2\/product\/9173","targetHints":{"allow":["GET"]}}],"collection":[{"href":"https:\/\/pierresang.com\/boutique-oberkampf\/wp-json\/wp\/v2\/product"}],"about":[{"href":"https:\/\/pierresang.com\/boutique-oberkampf\/wp-json\/wp\/v2\/types\/product"}],"wp:featuredmedia":[{"embeddable":true,"href":"https:\/\/pierresang.com\/boutique-oberkampf\/wp-json\/wp\/v2\/media\/9174"}],"wp:attachment":[{"href":"https:\/\/pierresang.com\/boutique-oberkampf\/wp-json\/wp\/v2\/media?parent=9173"}],"wp:term":[{"taxonomy":"product_brand","embeddable":true,"href":"https:\/\/pierresang.com\/boutique-oberkampf\/wp-json\/wp\/v2\/product_brand?post=9173"},{"taxonomy":"product_cat","embeddable":true,"href":"https:\/\/pierresang.com\/boutique-oberkampf\/wp-json\/wp\/v2\/product_cat?post=9173"},{"taxonomy":"product_tag","embeddable":true,"href":"https:\/\/pierresang.com\/boutique-oberkampf\/wp-json\/wp\/v2\/product_tag?post=9173"}],"curies":[{"name":"wp","href":"https:\/\/api.w.org\/{rel}","templated":true}]}}