{"id":8053,"date":"2020-01-04T11:36:15","date_gmt":"2020-01-04T10:36:15","guid":{"rendered":"https:\/\/pierresang.com\/boutique-oberkampf\/?post_type=product&#038;p=8053"},"modified":"2024-12-12T09:35:29","modified_gmt":"2024-12-12T08:35:29","slug":"couteau-opinel-x-pierre-sang","status":"publish","type":"product","link":"https:\/\/pierresang.com\/boutique-oberkampf\/produit\/couteau-opinel-x-pierre-sang\/","title":{"rendered":"Couteau Opinel x Pierre Sang"},"content":{"rendered":"","protected":false},"excerpt":{"rendered":"<p>Le N\u00b010 en collaboration avec le Chef Pierre Sang Boyer est un tire-bouchon, d\u00e9capsuleur et couteau polyvalent, fabriqu\u00e9 en France, toujours utile pour les pique-niques ou les autres repas en ext\u00e9rieur.<\/p>\n<p>Celui-ci est compos\u00e9 d&rsquo;une lame en acier inoxydable de 10 cm permettant de couper le saucisson, le fromage et bien d&rsquo;autres aliments, et d&rsquo;un manche en bois de h\u00eatre.<br \/>\nSur le manche se trouve un tire-bouchon \u00e9galement en acier inoxydable, ainsi qu&rsquo;une tige en acier permettant de d\u00e9capsuler les bouteilles, mais aussi d&rsquo;accrocher le couteau.<\/p>\n","protected":false},"featured_media":8107,"template":"","meta":{"_exactmetrics_skip_tracking":false,"_exactmetrics_sitenote_active":false,"_exactmetrics_sitenote_note":"","_exactmetrics_sitenote_category":0},"product_brand":[],"product_cat":[56],"product_tag":[],"class_list":{"0":"post-8053","1":"product","2":"type-product","3":"status-publish","4":"has-post-thumbnail","6":"product_cat-goodies","8":"first","9":"instock","10":"taxable","11":"shipping-taxable","12":"purchasable","13":"product-type-simple"},"_links":{"self":[{"href":"https:\/\/pierresang.com\/boutique-oberkampf\/wp-json\/wp\/v2\/product\/8053","targetHints":{"allow":["GET"]}}],"collection":[{"href":"https:\/\/pierresang.com\/boutique-oberkampf\/wp-json\/wp\/v2\/product"}],"about":[{"href":"https:\/\/pierresang.com\/boutique-oberkampf\/wp-json\/wp\/v2\/types\/product"}],"wp:featuredmedia":[{"embeddable":true,"href":"https:\/\/pierresang.com\/boutique-oberkampf\/wp-json\/wp\/v2\/media\/8107"}],"wp:attachment":[{"href":"https:\/\/pierresang.com\/boutique-oberkampf\/wp-json\/wp\/v2\/media?parent=8053"}],"wp:term":[{"taxonomy":"product_brand","embeddable":true,"href":"https:\/\/pierresang.com\/boutique-oberkampf\/wp-json\/wp\/v2\/product_brand?post=8053"},{"taxonomy":"product_cat","embeddable":true,"href":"https:\/\/pierresang.com\/boutique-oberkampf\/wp-json\/wp\/v2\/product_cat?post=8053"},{"taxonomy":"product_tag","embeddable":true,"href":"https:\/\/pierresang.com\/boutique-oberkampf\/wp-json\/wp\/v2\/product_tag?post=8053"}],"curies":[{"name":"wp","href":"https:\/\/api.w.org\/{rel}","templated":true}]}}