{"id":7987,"date":"2019-02-22T15:23:37","date_gmt":"2019-02-22T14:23:37","guid":{"rendered":"https:\/\/pierresang.com\/boutique-oberkampf\/?post_type=product&#038;p=7987"},"modified":"2024-03-18T10:30:58","modified_gmt":"2024-03-18T09:30:58","slug":"melange-bibimbap-sabarot","status":"publish","type":"product","link":"https:\/\/pierresang.com\/boutique-oberkampf\/produit\/melange-bibimbap-sabarot\/","title":{"rendered":"M\u00e9lange Bibimbap Sabarot"},"content":{"rendered":"","protected":false},"excerpt":{"rendered":"<p>Le Chef Pierre Sang Boyer signe une collaboration avec la marque Sabarot autour d&rsquo;un m\u00e9lange unique : une alliance de riz rond, de Lentille verte du Puy A.O.P., et de quinoa rouge, soigneusement s\u00e9lectionn\u00e9s et propos\u00e9s dans une \u00e9l\u00e9gante bo\u00eete de collection. Ce plat iconique de la Cor\u00e9e est m\u00e9tamorphos\u00e9 avec une touche Auvergnate, r\u00e9gion qui a berc\u00e9 l&rsquo;enfance du chef. Cette collaboration, c&rsquo;est l&rsquo;alliance entre un chef reconnu pour ses talents exceptionnels et une entreprise r\u00e9put\u00e9e pour ses produits de qualit\u00e9.<\/p>\n<p>500 gr (7 portions de 70g)<\/p>\n","protected":false},"featured_media":8112,"template":"","meta":{"_exactmetrics_skip_tracking":false,"_exactmetrics_sitenote_active":false,"_exactmetrics_sitenote_note":"","_exactmetrics_sitenote_category":0},"product_brand":[],"product_cat":[69],"product_tag":[],"class_list":{"0":"post-7987","1":"product","2":"type-product","3":"status-publish","4":"has-post-thumbnail","6":"product_cat-food","8":"first","9":"instock","10":"taxable","11":"shipping-taxable","12":"purchasable","13":"product-type-simple"},"_links":{"self":[{"href":"https:\/\/pierresang.com\/boutique-oberkampf\/wp-json\/wp\/v2\/product\/7987","targetHints":{"allow":["GET"]}}],"collection":[{"href":"https:\/\/pierresang.com\/boutique-oberkampf\/wp-json\/wp\/v2\/product"}],"about":[{"href":"https:\/\/pierresang.com\/boutique-oberkampf\/wp-json\/wp\/v2\/types\/product"}],"wp:featuredmedia":[{"embeddable":true,"href":"https:\/\/pierresang.com\/boutique-oberkampf\/wp-json\/wp\/v2\/media\/8112"}],"wp:attachment":[{"href":"https:\/\/pierresang.com\/boutique-oberkampf\/wp-json\/wp\/v2\/media?parent=7987"}],"wp:term":[{"taxonomy":"product_brand","embeddable":true,"href":"https:\/\/pierresang.com\/boutique-oberkampf\/wp-json\/wp\/v2\/product_brand?post=7987"},{"taxonomy":"product_cat","embeddable":true,"href":"https:\/\/pierresang.com\/boutique-oberkampf\/wp-json\/wp\/v2\/product_cat?post=7987"},{"taxonomy":"product_tag","embeddable":true,"href":"https:\/\/pierresang.com\/boutique-oberkampf\/wp-json\/wp\/v2\/product_tag?post=7987"}],"curies":[{"name":"wp","href":"https:\/\/api.w.org\/{rel}","templated":true}]}}