{"id":359,"date":"2019-02-22T15:22:12","date_gmt":"2019-02-22T14:22:12","guid":{"rendered":"https:\/\/pierresang.com\/boutique-oberkampf\/?post_type=product&#038;p=359"},"modified":"2019-12-09T18:46:45","modified_gmt":"2019-12-09T17:46:45","slug":"secrets-de-cuisiniers","status":"publish","type":"product","link":"https:\/\/pierresang.com\/boutique-oberkampf\/produit\/secrets-de-cuisiniers\/","title":{"rendered":"Secrets de Cuisiniers"},"content":{"rendered":"","protected":false},"excerpt":{"rendered":"<p>Apprenez \u00e0 ma\u00eetriser un \u00e0 un les fondamentaux de la cuisine fran\u00e7aise avec 135 recettes sign\u00e9es par les plus grands noms de la gastronomie : Paul Bocuse, Alain Ducasse, Michel Gu\u00e9rard, Jean-Fran\u00e7ois Pi\u00e8ge, Anne-Sophie Pic ou encore Jo\u00ebl Robuchon et.. Pierre Sang Boyer !<\/p>\n<p>Gr\u00e2ce \u00e0 des pas \u00e0 pas illustr\u00e9s, lancez-vous sans crainte dans la r\u00e9alisation de recettes embl\u00e9matiques, des plus simples aux plus techniques, qu&rsquo;elles soient traditionnelles ou plats signature des plus grands Chefs fran\u00e7ais.<\/p>\n<p>Vous serez enfin en mesure de vous frotter aux recettes des plus grands Chefs !<\/p>\n","protected":false},"featured_media":341,"template":"","meta":{"_exactmetrics_skip_tracking":false,"_exactmetrics_sitenote_active":false,"_exactmetrics_sitenote_note":"","_exactmetrics_sitenote_category":0},"product_brand":[],"product_cat":[55],"product_tag":[],"class_list":{"0":"post-359","1":"product","2":"type-product","3":"status-publish","4":"has-post-thumbnail","6":"product_cat-livres","7":"product_shipping_class-coffret","9":"first","10":"instock","11":"taxable","12":"shipping-taxable","13":"purchasable","14":"product-type-simple"},"_links":{"self":[{"href":"https:\/\/pierresang.com\/boutique-oberkampf\/wp-json\/wp\/v2\/product\/359","targetHints":{"allow":["GET"]}}],"collection":[{"href":"https:\/\/pierresang.com\/boutique-oberkampf\/wp-json\/wp\/v2\/product"}],"about":[{"href":"https:\/\/pierresang.com\/boutique-oberkampf\/wp-json\/wp\/v2\/types\/product"}],"wp:featuredmedia":[{"embeddable":true,"href":"https:\/\/pierresang.com\/boutique-oberkampf\/wp-json\/wp\/v2\/media\/341"}],"wp:attachment":[{"href":"https:\/\/pierresang.com\/boutique-oberkampf\/wp-json\/wp\/v2\/media?parent=359"}],"wp:term":[{"taxonomy":"product_brand","embeddable":true,"href":"https:\/\/pierresang.com\/boutique-oberkampf\/wp-json\/wp\/v2\/product_brand?post=359"},{"taxonomy":"product_cat","embeddable":true,"href":"https:\/\/pierresang.com\/boutique-oberkampf\/wp-json\/wp\/v2\/product_cat?post=359"},{"taxonomy":"product_tag","embeddable":true,"href":"https:\/\/pierresang.com\/boutique-oberkampf\/wp-json\/wp\/v2\/product_tag?post=359"}],"curies":[{"name":"wp","href":"https:\/\/api.w.org\/{rel}","templated":true}]}}