{"id":357,"date":"2019-02-22T15:20:30","date_gmt":"2019-02-22T14:20:30","guid":{"rendered":"https:\/\/pierresang.com\/boutique-oberkampf\/?post_type=product&#038;p=357"},"modified":"2022-04-04T16:48:59","modified_gmt":"2022-04-04T14:48:59","slug":"best-of-pierre-sang","status":"publish","type":"product","link":"https:\/\/pierresang.com\/boutique-oberkampf\/produit\/best-of-pierre-sang\/","title":{"rendered":"Best Of Pierre Sang"},"content":{"rendered":"","protected":false},"excerpt":{"rendered":"<p>Avec le Best Of Pierre Sang Boyer, \u00e9vadez-vous et d\u00e9couvrez sa cuisine inspir\u00e9e de ses racines franco-cor\u00e9ennes. A l\u2019aide de pas-\u00e0-pas illustr\u00e9s, maitrisez tous les gestes et les techniques qui vous permettront de r\u00e9ussir ses dix plus belles recettes\u00a0: Bibimbap veggie ou encore Lentilles kimchi, \u0153uf basse temp\u00e9rature et chipirons. Une cuisine du c\u0153ur, touchante et inventive, \u00e0 l\u2019image du Chef, que vous prendrez plaisir \u00e0 d\u00e9guster avec votre entourage.<\/p>\n<p>Relie : 87 pages<br \/>\n\u00c9diteur : Ducasse \u00c9dition<br \/>\nCollection : Best Of<br \/>\nLangue : Fran\u00e7ais<br \/>\nFormat : 19 x 25<br \/>\nDate de parution : Novembre 2015<\/p>\n","protected":false},"featured_media":342,"template":"","meta":{"_exactmetrics_skip_tracking":false,"_exactmetrics_sitenote_active":false,"_exactmetrics_sitenote_note":"","_exactmetrics_sitenote_category":0},"product_brand":[],"product_cat":[55],"product_tag":[],"class_list":{"0":"post-357","1":"product","2":"type-product","3":"status-publish","4":"has-post-thumbnail","6":"product_cat-livres","7":"product_shipping_class-livres","9":"first","10":"instock","11":"taxable","12":"shipping-taxable","13":"purchasable","14":"product-type-simple"},"_links":{"self":[{"href":"https:\/\/pierresang.com\/boutique-oberkampf\/wp-json\/wp\/v2\/product\/357","targetHints":{"allow":["GET"]}}],"collection":[{"href":"https:\/\/pierresang.com\/boutique-oberkampf\/wp-json\/wp\/v2\/product"}],"about":[{"href":"https:\/\/pierresang.com\/boutique-oberkampf\/wp-json\/wp\/v2\/types\/product"}],"wp:featuredmedia":[{"embeddable":true,"href":"https:\/\/pierresang.com\/boutique-oberkampf\/wp-json\/wp\/v2\/media\/342"}],"wp:attachment":[{"href":"https:\/\/pierresang.com\/boutique-oberkampf\/wp-json\/wp\/v2\/media?parent=357"}],"wp:term":[{"taxonomy":"product_brand","embeddable":true,"href":"https:\/\/pierresang.com\/boutique-oberkampf\/wp-json\/wp\/v2\/product_brand?post=357"},{"taxonomy":"product_cat","embeddable":true,"href":"https:\/\/pierresang.com\/boutique-oberkampf\/wp-json\/wp\/v2\/product_cat?post=357"},{"taxonomy":"product_tag","embeddable":true,"href":"https:\/\/pierresang.com\/boutique-oberkampf\/wp-json\/wp\/v2\/product_tag?post=357"}],"curies":[{"name":"wp","href":"https:\/\/api.w.org\/{rel}","templated":true}]}}