{"id":356,"date":"2019-02-22T15:19:09","date_gmt":"2019-02-22T14:19:09","guid":{"rendered":"https:\/\/pierresang.com\/boutique-oberkampf\/?post_type=product&#038;p=356"},"modified":"2019-02-22T15:19:09","modified_gmt":"2019-02-22T14:19:09","slug":"limonadier","status":"publish","type":"product","link":"https:\/\/pierresang.com\/boutique-oberkampf\/produit\/limonadier\/","title":{"rendered":"Limonadier"},"content":{"rendered":"","protected":false},"excerpt":{"rendered":"<p>Un bon plat s\u2019accompagne g\u00e9n\u00e9ralement d\u2019un bon vin. Ce tire-bouchon aux couleurs Pierre Sang vous permettra d\u2019ouvrir des grands crus \u00e0 des appellations plus modestes mais tout aussi go\u00fbtu, pour des soir\u00e9es entre amis r\u00e9ussies.<\/p>\n","protected":false},"featured_media":339,"template":"","meta":{"_exactmetrics_skip_tracking":false,"_exactmetrics_sitenote_active":false,"_exactmetrics_sitenote_note":"","_exactmetrics_sitenote_category":0},"product_brand":[],"product_cat":[56],"product_tag":[],"class_list":{"0":"post-356","1":"product","2":"type-product","3":"status-publish","4":"has-post-thumbnail","6":"product_cat-goodies","8":"first","9":"instock","10":"taxable","11":"shipping-taxable","12":"purchasable","13":"product-type-simple"},"_links":{"self":[{"href":"https:\/\/pierresang.com\/boutique-oberkampf\/wp-json\/wp\/v2\/product\/356","targetHints":{"allow":["GET"]}}],"collection":[{"href":"https:\/\/pierresang.com\/boutique-oberkampf\/wp-json\/wp\/v2\/product"}],"about":[{"href":"https:\/\/pierresang.com\/boutique-oberkampf\/wp-json\/wp\/v2\/types\/product"}],"wp:featuredmedia":[{"embeddable":true,"href":"https:\/\/pierresang.com\/boutique-oberkampf\/wp-json\/wp\/v2\/media\/339"}],"wp:attachment":[{"href":"https:\/\/pierresang.com\/boutique-oberkampf\/wp-json\/wp\/v2\/media?parent=356"}],"wp:term":[{"taxonomy":"product_brand","embeddable":true,"href":"https:\/\/pierresang.com\/boutique-oberkampf\/wp-json\/wp\/v2\/product_brand?post=356"},{"taxonomy":"product_cat","embeddable":true,"href":"https:\/\/pierresang.com\/boutique-oberkampf\/wp-json\/wp\/v2\/product_cat?post=356"},{"taxonomy":"product_tag","embeddable":true,"href":"https:\/\/pierresang.com\/boutique-oberkampf\/wp-json\/wp\/v2\/product_tag?post=356"}],"curies":[{"name":"wp","href":"https:\/\/api.w.org\/{rel}","templated":true}]}}